{"id":53,"date":"2022-01-29T17:14:45","date_gmt":"2022-01-29T17:14:45","guid":{"rendered":"https:\/\/appcraft.ch\/?page_id=53"},"modified":"2022-01-29T18:22:26","modified_gmt":"2022-01-29T18:22:26","slug":"start","status":"publish","type":"page","link":"https:\/\/appcraft.ch\/","title":{"rendered":"Start"},"content":{"rendered":"<p>[et_pb_section fb_built=&#8220;1&#8243; fullwidth=&#8220;on&#8220; admin_label=&#8220;Hero Section&#8220; _builder_version=&#8220;4.14.7&#8243; background_image=&#8220;https:\/\/appcraft.ch\/wp-content\/uploads\/2022\/01\/law-firm-23.jpg&#8220; parallax=&#8220;on&#8220; animation_style=&#8220;fade&#8220; animation_starting_opacity=&#8220;80%&#8220; collapsed=&#8220;off&#8220; global_colors_info=&#8220;{}&#8220;][et_pb_fullwidth_header title=&#8220;SEPARIS&#8220; subhead=&#8220;Digitalisierung von Trennungen und Scheidungen&#8220; text_orientation=&#8220;center&#8220; background_overlay_color=&#8220;rgba(49,62,71,0.89)&#8220; content_max_width=&#8220;60%&#8220; title_font_color=&#8220;#ffffff&#8220; subhead_font_color=&#8220;#ffffff&#8220; admin_label=&#8220;Hero Area&#8220; _builder_version=&#8220;4.14.7&#8243; title_font=&#8220;Verdana||||||||&#8220; title_text_color=&#8220;#ffffff&#8220; title_font_size=&#8220;80px&#8220; title_line_height=&#8220;1.6em&#8220; subhead_font=&#8220;|700|||||||&#8220; subhead_text_color=&#8220;#ffffff&#8220; subhead_letter_spacing=&#8220;4px&#8220; subhead_line_height=&#8220;3em&#8220; background_color=&#8220;rgba(255, 255, 255, 0)&#8220; background_position=&#8220;top_left&#8220; background_repeat=&#8220;repeat&#8220; button_one_icon=&#8220;&#x24;||divi||400&#8243; background_layout=&#8220;light&#8220; module_alignment=&#8220;center&#8220; min_height=&#8220;700px&#8220; custom_margin=&#8220;||38px|308px||&#8220; custom_padding=&#8220;0px|0px|0px|0px||&#8220; animation_style=&#8220;fade&#8220; hover_enabled=&#8220;0&#8243; title_font_size_tablet=&#8220;40px&#8220; title_font_size_phone=&#8220;&#8220; title_font_size_last_edited=&#8220;on|tablet&#8220; title_text_shadow_style=&#8220;preset2&#8243; subhead_text_shadow_style=&#8220;preset2&#8243; border_color_all=&#8220;rgba(31,40,48,0.94)&#8220; border_width_left=&#8220;10vw&#8220; button_one_border_radius_hover=&#8220;0px&#8220; button_one_letter_spacing_hover=&#8220;4px&#8220; global_colors_info=&#8220;{}&#8220; button_one_text_size__hover_enabled=&#8220;off&#8220; button_two_text_size__hover_enabled=&#8220;off&#8220; button_one_text_color__hover_enabled=&#8220;off&#8220; button_two_text_color__hover_enabled=&#8220;off&#8220; button_one_border_width__hover_enabled=&#8220;off&#8220; button_two_border_width__hover_enabled=&#8220;off&#8220; button_one_border_color__hover_enabled=&#8220;off&#8220; button_two_border_color__hover_enabled=&#8220;off&#8220; button_one_border_radius__hover_enabled=&#8220;on&#8220; button_one_border_radius__hover=&#8220;0px&#8220; button_two_border_radius__hover_enabled=&#8220;off&#8220; button_one_letter_spacing__hover_enabled=&#8220;on&#8220; button_one_letter_spacing__hover=&#8220;4px&#8220; button_two_letter_spacing__hover_enabled=&#8220;off&#8220; button_one_bg_color__hover_enabled=&#8220;off&#8220; button_two_bg_color__hover_enabled=&#8220;off&#8220; sticky_enabled=&#8220;0&#8243; width=&#8220;100%&#8220;][\/et_pb_fullwidth_header][\/et_pb_section][et_pb_section fb_built=&#8220;1&#8243; admin_label=&#8220;Service Section&#8220; _builder_version=&#8220;3.22&#8243; min_height=&#8220;699.6px&#8220; custom_padding=&#8220;0px||110px|||&#8220; global_colors_info=&#8220;{}&#8220;][et_pb_row admin_label=&#8220;Service Area&#8220; _builder_version=&#8220;4.14.7&#8243; global_colors_info=&#8220;{}&#8220;][et_pb_column type=&#8220;4_4&#8243; _builder_version=&#8220;3.25&#8243; custom_padding=&#8220;|||&#8220; global_colors_info=&#8220;{}&#8220; custom_padding__hover=&#8220;|||&#8220;][et_pb_text admin_label=&#8220;Title&#8220; _builder_version=&#8220;4.14.7&#8243; text_font=&#8220;||||||||&#8220; header_font=&#8220;||||||||&#8220; header_2_font=&#8220;Prata||||||||&#8220; header_2_text_align=&#8220;center&#8220; header_2_font_size=&#8220;48px&#8220; header_2_line_height=&#8220;1.6em&#8220; module_alignment=&#8220;center&#8220; custom_margin=&#8220;||10px|&#8220; custom_padding=&#8220;|||&#8220; animation_style=&#8220;fade&#8220; header_2_font_size_tablet=&#8220;40px&#8220; header_2_font_size_phone=&#8220;&#8220; header_2_font_size_last_edited=&#8220;on|tablet&#8220; global_colors_info=&#8220;{}&#8220; inline_fonts=&#8220;Verdana&#8220;]<\/p>\n<h2><span style=\"font-family: Verdana; font-weight: normal;\">Was bietet SEPARIS<\/span><\/h2>\n<p>[\/et_pb_text][et_pb_divider color=&#8220;#ffa40d&#8220; divider_position=&#8220;center&#8220; divider_weight=&#8220;3px&#8220; _builder_version=&#8220;3.2&#8243; max_width=&#8220;70px&#8220; module_alignment=&#8220;center&#8220; animation_style=&#8220;slide&#8220; animation_direction=&#8220;top&#8220; animation_intensity_slide=&#8220;10%&#8220; animation_starting_opacity=&#8220;100%&#8220; locked=&#8220;off&#8220; global_colors_info=&#8220;{}&#8220;][\/et_pb_divider][\/et_pb_column][\/et_pb_row][et_pb_row column_structure=&#8220;1_3,1_3,1_3&#8243; admin_label=&#8220;Service Area&#8220; _builder_version=&#8220;4.14.7&#8243; global_colors_info=&#8220;{}&#8220;][et_pb_column type=&#8220;1_3&#8243; _builder_version=&#8220;3.25&#8243; custom_padding=&#8220;|||&#8220; global_colors_info=&#8220;{}&#8220; custom_padding__hover=&#8220;|||&#8220;][et_pb_blurb title=&#8220;Mandatsverwaltung&#8220; use_icon=&#8220;on&#8220; font_icon=&#8220;&#xf07c;||fa||400&#8243; icon_color=&#8220;#ffba60&#8243; image_icon_width=&#8220;42px&#8220; content_max_width=&#8220;300px&#8220; _builder_version=&#8220;4.14.7&#8243; header_font=&#8220;Roboto Slab||||||||&#8220; header_font_size=&#8220;20px&#8220; header_line_height=&#8220;1.4em&#8220; body_font=&#8220;||||||||&#8220; body_font_size=&#8220;16px&#8220; body_line_height=&#8220;2em&#8220; text_orientation=&#8220;center&#8220; animation_style=&#8220;fade&#8220; icon_font_size=&#8220;42px&#8220; global_colors_info=&#8220;{}&#8220;]<\/p>\n<p><span>In der Mandatsverwaltung wird die Mandatsart (Trennung, Scheidung, Elternvereinbarung) festgelegt und die Personalien der Mandanten aufgenommen. Danach steht der Workflow f\u00fcr die Mandatsabwicklung zur Verf\u00fcgung und es kann mit der Erfassung der relevanten Daten begonnen werden.<\/span><br \/><span>Hier kann zudem den Mandanten Zugang auf die Belegverwaltung erteilt werden, damit diese die Belege selber in ihrem Dossier ablegen k\u00f6nnen. Die Belege fliessen \u00fcbrigens automatisch in das allf\u00e4llige Begehren-Schreiben ein.<\/span><\/p>\n<p>[\/et_pb_blurb][\/et_pb_column][et_pb_column type=&#8220;1_3&#8243; _builder_version=&#8220;3.25&#8243; custom_padding=&#8220;|||&#8220; global_colors_info=&#8220;{}&#8220; custom_padding__hover=&#8220;|||&#8220;][et_pb_blurb title=&#8220;Unterhaltsberechnung&#8220; use_icon=&#8220;on&#8220; font_icon=&#8220;&#xf1ec;||fa||900&#8243; icon_color=&#8220;#ffba60&#8243; image_icon_width=&#8220;42px&#8220; content_max_width=&#8220;300px&#8220; _builder_version=&#8220;4.14.7&#8243; header_font=&#8220;Roboto Slab||||||||&#8220; header_font_size=&#8220;20px&#8220; header_line_height=&#8220;1.4em&#8220; body_font=&#8220;||||||||&#8220; body_font_size=&#8220;16px&#8220; body_line_height=&#8220;2em&#8220; text_orientation=&#8220;center&#8220; animation_style=&#8220;fade&#8220; icon_font_size=&#8220;42px&#8220; locked=&#8220;off&#8220; global_colors_info=&#8220;{}&#8220;]<\/p>\n<p><span>Die Unterhaltsberechnung\u00a0 umfasst die Erfassung der Grunddaten mit Mitteln und Bedarfen aller Beteiligten. Basierend auf der Mandatsart und den erfassten Daten, wird die Unterhaltsberechnung \u00fcber die dynamisch generierten Unterhaltsperioden erstellt. Die Unterhaltsberechnung ber\u00fccksichtige den Vorrang, berechnet automatisch die Steuern und vieles mehr. Die Resultate der Unterhaltsberechnung werden schliesslich automatisch in die Vereinbarung \u00fcbertragen.<\/span><\/p>\n<p>[\/et_pb_blurb][\/et_pb_column][et_pb_column type=&#8220;1_3&#8243; _builder_version=&#8220;3.25&#8243; custom_padding=&#8220;|||&#8220; global_colors_info=&#8220;{}&#8220; custom_padding__hover=&#8220;|||&#8220;][et_pb_blurb title=&#8220;Vorsorge &#038; G\u00fcterrecht&#8220; use_icon=&#8220;on&#8220; font_icon=&#8220;&#xf4c0;||fa||900&#8243; icon_color=&#8220;#ffba60&#8243; image_icon_width=&#8220;42px&#8220; content_max_width=&#8220;300px&#8220; _builder_version=&#8220;4.14.7&#8243; header_font=&#8220;Roboto Slab||||||||&#8220; header_font_size=&#8220;20px&#8220; header_line_height=&#8220;1.4em&#8220; body_font=&#8220;||||||||&#8220; body_font_size=&#8220;16px&#8220; body_line_height=&#8220;2em&#8220; text_orientation=&#8220;center&#8220; animation_style=&#8220;fade&#8220; icon_font_size=&#8220;42px&#8220; locked=&#8220;off&#8220; global_colors_info=&#8220;{}&#8220;]<\/p>\n<p><span>Die Vorsorge und die g\u00fcterrechtliche Auseinandersetzung kommen bei Scheidungen zum Tragen und fliessen schliesslich automatisch in die Vereinbarung ein.<\/span><\/p>\n<p>[\/et_pb_blurb][\/et_pb_column][\/et_pb_row][et_pb_row column_structure=&#8220;1_3,1_3,1_3&#8243; admin_label=&#8220;Service Area&#8220; _builder_version=&#8220;3.25&#8243; global_colors_info=&#8220;{}&#8220;][et_pb_column type=&#8220;1_3&#8243; _builder_version=&#8220;3.25&#8243; custom_padding=&#8220;|||&#8220; global_colors_info=&#8220;{}&#8220; custom_padding__hover=&#8220;|||&#8220;][et_pb_blurb title=&#8220;Vereinbarung&#8220; use_icon=&#8220;on&#8220; font_icon=&#8220;&#xf573;||fa||900&#8243; icon_color=&#8220;#ffba60&#8243; image_icon_width=&#8220;42px&#8220; content_max_width=&#8220;300px&#8220; _builder_version=&#8220;4.14.7&#8243; header_font=&#8220;Roboto Slab||||||||&#8220; header_font_size=&#8220;20px&#8220; header_line_height=&#8220;1.4em&#8220; body_font=&#8220;||||||||&#8220; body_font_size=&#8220;16px&#8220; body_line_height=&#8220;2em&#8220; text_orientation=&#8220;center&#8220; animation_style=&#8220;fade&#8220; icon_font_size=&#8220;42px&#8220; global_colors_info=&#8220;{}&#8220;]<\/p>\n<p><span>In der Vereinbarung oder Konvention wird alles Notwendige geregelt \u2013 alle vorg\u00e4ngig erfassten Daten und erstellten Berechnungen und Inhalte werden automatisch in das Dokument \u00fcbernommen. Die Vereinbarung kann in Word ge\u00f6ffnet und wenn n\u00f6tig angepasst werden.<\/span><\/p>\n<p>[\/et_pb_blurb][\/et_pb_column][et_pb_column type=&#8220;1_3&#8243; _builder_version=&#8220;3.25&#8243; custom_padding=&#8220;|||&#8220; global_colors_info=&#8220;{}&#8220; custom_padding__hover=&#8220;|||&#8220;][et_pb_blurb title=&#8220;Korrespondenz&#8220; use_icon=&#8220;on&#8220; font_icon=&#8220;&#xf56b;||fa||900&#8243; icon_color=&#8220;#ffba60&#8243; image_icon_width=&#8220;42px&#8220; content_max_width=&#8220;300px&#8220; _builder_version=&#8220;4.14.7&#8243; header_font=&#8220;Roboto Slab||||||||&#8220; header_font_size=&#8220;20px&#8220; header_line_height=&#8220;1.4em&#8220; body_font=&#8220;||||||||&#8220; body_font_size=&#8220;16px&#8220; body_line_height=&#8220;2em&#8220; text_orientation=&#8220;center&#8220; animation_style=&#8220;fade&#8220; icon_font_size=&#8220;42px&#8220; locked=&#8220;off&#8220; global_colors_info=&#8220;{}&#8220;]<\/p>\n<p><span>Die Korrespondenz umfasst bspw. das Scheidungsbegehren \u2013 hier wird automatisch die Belegliste in den Brief eingef\u00fcgt, womit das m\u00fchsame \u00dcbertagen der Vergangenheit angeh\u00f6rt.<\/span><\/p>\n<p>[\/et_pb_blurb][\/et_pb_column][et_pb_column type=&#8220;1_3&#8243; _builder_version=&#8220;3.25&#8243; custom_padding=&#8220;|||&#8220; global_colors_info=&#8220;{}&#8220; custom_padding__hover=&#8220;|||&#8220;][et_pb_blurb title=&#8220;Honorarrechnung&#8220; use_icon=&#8220;on&#8220; font_icon=&#8220;&#xf571;||fa||900&#8243; icon_color=&#8220;#ffba60&#8243; image_icon_width=&#8220;42px&#8220; content_max_width=&#8220;300px&#8220; _builder_version=&#8220;4.14.7&#8243; header_font=&#8220;Roboto Slab||||||||&#8220; header_font_size=&#8220;20px&#8220; header_line_height=&#8220;1.4em&#8220; body_font=&#8220;||||||||&#8220; body_font_size=&#8220;16px&#8220; body_line_height=&#8220;2em&#8220; text_orientation=&#8220;center&#8220; animation_style=&#8220;fade&#8220; icon_font_size=&#8220;42px&#8220; locked=&#8220;off&#8220; global_colors_info=&#8220;{}&#8220;]<\/p>\n<p><span>W\u00e4hrend der Mandatsabwicklung k\u00f6nnen s\u00e4mtliche Aktivit\u00e4ten mit aufgewendeter Zeit und einem Stundensatz protokolliert werden. F\u00fcr das Honorar k\u00f6nnen Anzahlungen, Zwischenabrechnung sowie eine Abschlussabrechnung erstellt werden. Bei den Honorarrechnungen k\u00f6nnen zudem die Protokolleintr\u00e4ge \u00fcbernommen werden. Die Rechnung wird mit selbstverst\u00e4ndlich im neuen QR-Code Format erstellt.<\/span><\/p>\n<p>[\/et_pb_blurb][\/et_pb_column][\/et_pb_row][\/et_pb_section][et_pb_section fb_built=&#8220;1&#8243; admin_label=&#8220;CTA Section&#8220; _builder_version=&#8220;3.22&#8243; use_background_color_gradient=&#8220;on&#8220; background_color_gradient_start=&#8220;#313e47&#8243; background_color_gradient_end=&#8220;rgba(49,62,71,0.74)&#8220; background_color_gradient_overlays_image=&#8220;on&#8220; background_image=&#8220;https:\/\/appcraft.ch\/wp-content\/uploads\/2022\/01\/law-firm-24.jpg&#8220; custom_padding=&#8220;110px|0px|0px|&#8220; border_color_all=&#8220;#26333a&#8220; border_width_right=&#8220;8vw&#8220; global_colors_info=&#8220;{}&#8220;][et_pb_row column_structure=&#8220;2_3,1_3&#8243; use_custom_gutter=&#8220;on&#8220; gutter_width=&#8220;2&#8243; admin_label=&#8220;CTA Area&#8220; _builder_version=&#8220;3.25&#8243; custom_margin=&#8220;||30px|&#8220; custom_padding=&#8220;|||&#8220; global_colors_info=&#8220;{}&#8220;][et_pb_column type=&#8220;2_3&#8243; _builder_version=&#8220;3.25&#8243; custom_padding=&#8220;|||&#8220; global_colors_info=&#8220;{}&#8220; custom_padding__hover=&#8220;|||&#8220;][et_pb_text admin_label=&#8220;Title&#8220; _builder_version=&#8220;3.27.4&#8243; text_font=&#8220;||||||||&#8220; text_font_size=&#8220;18px&#8220; text_line_height=&#8220;1.8em&#8220; header_font=&#8220;||||||||&#8220; header_2_font=&#8220;Prata||||||||&#8220; header_2_font_size=&#8220;48px&#8220; header_2_line_height=&#8220;1.6em&#8220; background_layout=&#8220;dark&#8220; module_alignment=&#8220;center&#8220; custom_margin=&#8220;|||&#8220; custom_padding=&#8220;|||&#8220; animation_direction=&#8220;left&#8220; header_2_font_size_tablet=&#8220;40px&#8220; header_2_font_size_phone=&#8220;&#8220; header_2_font_size_last_edited=&#8220;on|tablet&#8220; global_colors_info=&#8220;{}&#8220; inline_fonts=&#8220;Verdana&#8220;]<\/p>\n<h2><span style=\"font-family: Verdana;\">Haben Sie Fragen? Kontaktieren Sie uns!<\/span><\/h2>\n<h4 class=\"av-special-heading-tag \" itemprop=\"headline\">separis ist die einzige vollintegrierte Fachanwendung zur Abwicklung Ihrer Trennungs- und Scheidungsmandate von A \u2013 Z<\/h4>\n<p><span>Wollen Sie Ihre Trennungs- und Scheidungsmandate auf zeitgem\u00e4sse Art &amp; Weise mit der f\u00fchrenden und einzigartigen LegalTech Fachl\u00f6sung abwickeln, z\u00f6gern Sie nicht uns per E-Mail zu kontaktieren!<\/span><\/p>\n<p>[\/et_pb_text][\/et_pb_column][et_pb_column type=&#8220;1_3&#8243; _builder_version=&#8220;3.25&#8243; custom_padding=&#8220;|||&#8220; global_colors_info=&#8220;{}&#8220; custom_padding__hover=&#8220;|||&#8220;][\/et_pb_column][\/et_pb_row][et_pb_row admin_label=&#8220;Request Appoinment Area&#8220; _builder_version=&#8220;3.25&#8243; custom_padding=&#8220;0px|0px|0px|0px&#8220; box_shadow_style=&#8220;preset2&#8243; box_shadow_horizontal=&#8220;0px&#8220; box_shadow_vertical=&#8220;-15px&#8220; box_shadow_blur=&#8220;60px&#8220; box_shadow_color=&#8220;rgba(29,61,71,0.2)&#8220; global_colors_info=&#8220;{}&#8220;][et_pb_column type=&#8220;4_4&#8243; _builder_version=&#8220;3.25&#8243; custom_padding=&#8220;|||&#8220; global_colors_info=&#8220;{}&#8220; custom_padding__hover=&#8220;|||&#8220;][et_pb_contact_form captcha=&#8220;off&#8220; submit_button_text=&#8220;Absenden&#8220; module_id=&#8220;et_pb_contact_form_0&#8243; _builder_version=&#8220;4.14.7&#8243; _unique_id=&#8220;79cb1ce3-47ad-47f8-bd7e-9637b350e184&#8243; form_field_background_color=&#8220;rgba(0,0,0,0)&#8220; title_font=&#8220;Prata||||||||&#8220; title_font_size=&#8220;42px&#8220; title_line_height=&#8220;1.4em&#8220; form_field_font=&#8220;||||||||&#8220; form_field_font_size=&#8220;16px&#8220; background_color=&#8220;rgba(255,255,255,0.95)&#8220; custom_button=&#8220;on&#8220; button_text_size=&#8220;14px&#8220; button_text_color=&#8220;rgba(0,0,0,0.8)&#8220; button_bg_color=&#8220;#ffba60&#8243; button_border_width=&#8220;12px&#8220; button_border_color=&#8220;#ffba60&#8243; button_border_radius=&#8220;0px&#8220; button_letter_spacing=&#8220;4px&#8220; button_font=&#8220;|700||on|||||&#8220; button_icon=&#8220;&#x24;||divi||400&#8243; custom_margin=&#8220;|||&#8220; custom_padding=&#8220;50px|60px|80px|60px&#8220; animation_style=&#8220;slide&#8220; animation_direction=&#8220;right&#8220; animation_intensity_slide=&#8220;5%&#8220; animation_starting_opacity=&#8220;100%&#8220; border_width_all=&#8220;1px&#8220; border_color_all=&#8220;rgba(0,0,0,0.12)&#8220; border_style_all=&#8220;solid&#8220; use_border_color=&#8220;on&#8220; border_color=&#8220;rgba(0,0,0,0.12)&#8220; form_background_color=&#8220;rgba(0,0,0,0)&#8220; global_colors_info=&#8220;{}&#8220; email=&#8220;info@separis.ch&#8220;][et_pb_contact_field field_id=&#8220;Name&#8220; field_title=&#8220;Name&#8220; _builder_version=&#8220;3.16&#8243; global_colors_info=&#8220;{}&#8220; button_text_size__hover_enabled=&#8220;off&#8220; button_one_text_size__hover_enabled=&#8220;off&#8220; button_two_text_size__hover_enabled=&#8220;off&#8220; button_text_color__hover_enabled=&#8220;off&#8220; button_one_text_color__hover_enabled=&#8220;off&#8220; button_two_text_color__hover_enabled=&#8220;off&#8220; button_border_width__hover_enabled=&#8220;off&#8220; button_one_border_width__hover_enabled=&#8220;off&#8220; button_two_border_width__hover_enabled=&#8220;off&#8220; button_border_color__hover_enabled=&#8220;off&#8220; button_one_border_color__hover_enabled=&#8220;off&#8220; button_two_border_color__hover_enabled=&#8220;off&#8220; button_border_radius__hover_enabled=&#8220;off&#8220; button_one_border_radius__hover_enabled=&#8220;off&#8220; button_two_border_radius__hover_enabled=&#8220;off&#8220; button_letter_spacing__hover_enabled=&#8220;off&#8220; button_one_letter_spacing__hover_enabled=&#8220;off&#8220; button_two_letter_spacing__hover_enabled=&#8220;off&#8220; button_bg_color__hover_enabled=&#8220;off&#8220; button_one_bg_color__hover_enabled=&#8220;off&#8220; button_two_bg_color__hover_enabled=&#8220;off&#8220;][\/et_pb_contact_field][et_pb_contact_field field_id=&#8220;Email&#8220; field_title=&#8220;Email&#8220; field_type=&#8220;email&#8220; _builder_version=&#8220;4.14.7&#8243; global_colors_info=&#8220;{}&#8220; button_text_size__hover_enabled=&#8220;off&#8220; button_one_text_size__hover_enabled=&#8220;off&#8220; button_two_text_size__hover_enabled=&#8220;off&#8220; button_text_color__hover_enabled=&#8220;off&#8220; button_one_text_color__hover_enabled=&#8220;off&#8220; button_two_text_color__hover_enabled=&#8220;off&#8220; button_border_width__hover_enabled=&#8220;off&#8220; button_one_border_width__hover_enabled=&#8220;off&#8220; button_two_border_width__hover_enabled=&#8220;off&#8220; button_border_color__hover_enabled=&#8220;off&#8220; button_one_border_color__hover_enabled=&#8220;off&#8220; button_two_border_color__hover_enabled=&#8220;off&#8220; button_border_radius__hover_enabled=&#8220;off&#8220; button_one_border_radius__hover_enabled=&#8220;off&#8220; button_two_border_radius__hover_enabled=&#8220;off&#8220; button_letter_spacing__hover_enabled=&#8220;off&#8220; button_one_letter_spacing__hover_enabled=&#8220;off&#8220; button_two_letter_spacing__hover_enabled=&#8220;off&#8220; button_bg_color__hover_enabled=&#8220;off&#8220; button_one_bg_color__hover_enabled=&#8220;off&#8220; button_two_bg_color__hover_enabled=&#8220;off&#8220;][\/et_pb_contact_field][et_pb_contact_field field_id=&#8220;Message&#8220; field_title=&#8220;Nachricht&#8220; field_type=&#8220;text&#8220; fullwidth_field=&#8220;on&#8220; _builder_version=&#8220;4.14.7&#8243; global_colors_info=&#8220;{}&#8220; button_text_size__hover_enabled=&#8220;off&#8220; button_one_text_size__hover_enabled=&#8220;off&#8220; button_two_text_size__hover_enabled=&#8220;off&#8220; button_text_color__hover_enabled=&#8220;off&#8220; button_one_text_color__hover_enabled=&#8220;off&#8220; button_two_text_color__hover_enabled=&#8220;off&#8220; button_border_width__hover_enabled=&#8220;off&#8220; button_one_border_width__hover_enabled=&#8220;off&#8220; button_two_border_width__hover_enabled=&#8220;off&#8220; button_border_color__hover_enabled=&#8220;off&#8220; button_one_border_color__hover_enabled=&#8220;off&#8220; button_two_border_color__hover_enabled=&#8220;off&#8220; button_border_radius__hover_enabled=&#8220;off&#8220; button_one_border_radius__hover_enabled=&#8220;off&#8220; button_two_border_radius__hover_enabled=&#8220;off&#8220; button_letter_spacing__hover_enabled=&#8220;off&#8220; button_one_letter_spacing__hover_enabled=&#8220;off&#8220; button_two_letter_spacing__hover_enabled=&#8220;off&#8220; button_bg_color__hover_enabled=&#8220;off&#8220; button_one_bg_color__hover_enabled=&#8220;off&#8220; button_two_bg_color__hover_enabled=&#8220;off&#8220;][\/et_pb_contact_field][\/et_pb_contact_form][\/et_pb_column][\/et_pb_row][\/et_pb_section][et_pb_section fb_built=&#8220;1&#8243; admin_label=&#8220;CTA Section&#8220; _builder_version=&#8220;3.22&#8243; use_background_color_gradient=&#8220;on&#8220; background_color_gradient_start=&#8220;#313e47&#8243; background_color_gradient_end=&#8220;rgba(49,62,71,0.74)&#8220; background_color_gradient_overlays_image=&#8220;on&#8220; background_image=&#8220;https:\/\/appcraft.ch\/wp-content\/uploads\/2022\/01\/law-firm-26.jpg&#8220; custom_padding=&#8220;199px|0px|200px|&#8220; border_color_all=&#8220;#26333a&#8220; border_width_left=&#8220;8vw&#8220; global_colors_info=&#8220;{}&#8220;][et_pb_row column_structure=&#8220;1_2,1_2&#8243; use_custom_gutter=&#8220;on&#8220; gutter_width=&#8220;2&#8243; admin_label=&#8220;CTA Area&#8220; _builder_version=&#8220;3.25&#8243; locked=&#8220;off&#8220; global_colors_info=&#8220;{}&#8220;][et_pb_column type=&#8220;1_2&#8243; _builder_version=&#8220;3.25&#8243; custom_padding=&#8220;|||&#8220; global_colors_info=&#8220;{}&#8220; custom_padding__hover=&#8220;|||&#8220;][et_pb_text admin_label=&#8220;Title&#8220; _builder_version=&#8220;4.14.7&#8243; text_font=&#8220;||||||||&#8220; text_font_size=&#8220;18px&#8220; text_line_height=&#8220;1.8em&#8220; header_font=&#8220;||||||||&#8220; header_2_font=&#8220;Prata||||||||&#8220; header_2_font_size=&#8220;48px&#8220; header_2_line_height=&#8220;1.6em&#8220; background_layout=&#8220;dark&#8220; module_alignment=&#8220;center&#8220; custom_margin=&#8220;|||&#8220; custom_padding=&#8220;|||&#8220; animation_direction=&#8220;left&#8220; hover_enabled=&#8220;0&#8243; header_2_font_size_tablet=&#8220;40px&#8220; header_2_font_size_phone=&#8220;&#8220; header_2_font_size_last_edited=&#8220;on|tablet&#8220; locked=&#8220;off&#8220; global_colors_info=&#8220;{}&#8220; sticky_enabled=&#8220;0&#8243; min_height=&#8220;96.1px&#8220; inline_fonts=&#8220;Verdana&#8220;]<\/p>\n<h2><span style=\"font-family: Verdana; font-weight: normal;\">Lassen Sie uns zusammen arbeiten!<\/span><\/h2>\n<p>[\/et_pb_text][\/et_pb_column][et_pb_column type=&#8220;1_2&#8243; _builder_version=&#8220;3.25&#8243; custom_padding=&#8220;|||&#8220; global_colors_info=&#8220;{}&#8220; custom_padding__hover=&#8220;|||&#8220;][et_pb_button _builder_version=&#8220;4.14.7&#8243; custom_button=&#8220;on&#8220; button_text_size=&#8220;14px&#8220; button_text_color=&#8220;#ffba60&#8243; button_border_width=&#8220;2px&#8220; button_border_color=&#8220;rgba(255,164,13,0.4)&#8220; button_border_radius=&#8220;0px&#8220; button_letter_spacing=&#8220;4px&#8220; button_font=&#8220;|700||on|||||&#8220; button_icon=&#8220;&#x24;||divi||400&#8243; custom_margin=&#8220;10px||1px|||&#8220; custom_padding=&#8220;10px||10px|&#8220; animation_style=&#8220;fade&#8220; animation_direction=&#8220;right&#8220; button_bg_color_hover=&#8220;rgba(0,0,0,0)&#8220; global_colors_info=&#8220;{}&#8220; button_text_size__hover_enabled=&#8220;off&#8220; button_one_text_size__hover_enabled=&#8220;off&#8220; button_two_text_size__hover_enabled=&#8220;off&#8220; button_text_color__hover_enabled=&#8220;off&#8220; button_one_text_color__hover_enabled=&#8220;off&#8220; button_two_text_color__hover_enabled=&#8220;off&#8220; button_border_width__hover_enabled=&#8220;off&#8220; button_one_border_width__hover_enabled=&#8220;off&#8220; button_two_border_width__hover_enabled=&#8220;off&#8220; button_border_color__hover_enabled=&#8220;off&#8220; button_one_border_color__hover_enabled=&#8220;off&#8220; button_two_border_color__hover_enabled=&#8220;off&#8220; button_border_radius__hover_enabled=&#8220;off&#8220; button_one_border_radius__hover_enabled=&#8220;off&#8220; button_two_border_radius__hover_enabled=&#8220;off&#8220; button_letter_spacing__hover_enabled=&#8220;off&#8220; button_one_letter_spacing__hover_enabled=&#8220;off&#8220; button_two_letter_spacing__hover_enabled=&#8220;off&#8220; button_bg_color__hover_enabled=&#8220;on&#8220; button_bg_color__hover=&#8220;rgba(0,0,0,0)&#8220; button_one_bg_color__hover_enabled=&#8220;off&#8220; button_two_bg_color__hover_enabled=&#8220;off&#8220;][\/et_pb_button][\/et_pb_column][\/et_pb_row][\/et_pb_section]<\/p>\n","protected":false},"excerpt":{"rendered":"<p>Was bietet SEPARISIn der Mandatsverwaltung wird die Mandatsart (Trennung, Scheidung, Elternvereinbarung) festgelegt und die Personalien der Mandanten aufgenommen. Danach steht der Workflow f\u00fcr die Mandatsabwicklung zur Verf\u00fcgung und es kann mit der Erfassung der relevanten Daten begonnen werden.Hier kann zudem den Mandanten Zugang auf die Belegverwaltung erteilt werden, damit diese die Belege selber in ihrem [&hellip;]<\/p>\n","protected":false},"author":1,"featured_media":0,"parent":0,"menu_order":0,"comment_status":"closed","ping_status":"closed","template":"","meta":{"_et_pb_use_builder":"on","_et_pb_old_content":"","_et_gb_content_width":"","footnotes":""},"class_list":["post-53","page","type-page","status-publish","hentry"],"_links":{"self":[{"href":"https:\/\/appcraft.ch\/index.php?rest_route=\/wp\/v2\/pages\/53","targetHints":{"allow":["GET"]}}],"collection":[{"href":"https:\/\/appcraft.ch\/index.php?rest_route=\/wp\/v2\/pages"}],"about":[{"href":"https:\/\/appcraft.ch\/index.php?rest_route=\/wp\/v2\/types\/page"}],"author":[{"embeddable":true,"href":"https:\/\/appcraft.ch\/index.php?rest_route=\/wp\/v2\/users\/1"}],"replies":[{"embeddable":true,"href":"https:\/\/appcraft.ch\/index.php?rest_route=%2Fwp%2Fv2%2Fcomments&post=53"}],"version-history":[{"count":5,"href":"https:\/\/appcraft.ch\/index.php?rest_route=\/wp\/v2\/pages\/53\/revisions"}],"predecessor-version":[{"id":66,"href":"https:\/\/appcraft.ch\/index.php?rest_route=\/wp\/v2\/pages\/53\/revisions\/66"}],"wp:attachment":[{"href":"https:\/\/appcraft.ch\/index.php?rest_route=%2Fwp%2Fv2%2Fmedia&parent=53"}],"curies":[{"name":"wp","href":"https:\/\/api.w.org\/{rel}","templated":true}]}}